{"id":15953,"date":"2026-04-06T05:52:58","date_gmt":"2026-04-06T04:52:58","guid":{"rendered":"https:\/\/grillcentrum.shop\/gree\/produkt\/trampolina-ogrodowa-dla-dzieci-312cm-funfit-z-siatka-zewnetrzna-10ft\/"},"modified":"2026-04-11T02:22:31","modified_gmt":"2026-04-11T01:22:31","slug":"trampolina-ogrodowa-dla-dzieci-312cm-funfit-z-siatka-zewnetrzna-10ft","status":"publish","type":"product","link":"https:\/\/plantrix.shop\/grill\/produkt\/trampolina-ogrodowa-dla-dzieci-312cm-funfit-z-siatka-zewnetrzna-10ft\/","title":{"rendered":"Trampolina ogrodowa dla dzieci 312cm FUNFIT z siatk\u0105 zewn\u0119trzn\u0105 10ft"},"content":{"rendered":"<div style=\"font-family: Arial, sans-serif; line-height: 1.6; color: #333; padding: 20px; clear: both; display: block; width: 100%; float: none; position: static; overflow: hidden;\">\n<div style=\"clear: both; display: block; margin: 10px 0;\">\n<div style=\"clear: both; display: block; margin: 10px 0;\">\n<div style=\"clear: both; display: block; margin: 10px 0;\">\n<h1>Trampolina ogrodowa dla dzieci 312cm FUNFIT z siatk\u0105 zewn\u0119trzn\u0105 10ft<\/h1>\n<\/div>\n<\/div>\n<\/div>\n<div style=\"clear: both; display: block; margin: 10px 0;\">\n<div style=\"clear: both; display: block; margin: 10px 0;\">\n<div style=\"clear: both; display: block; margin: 10px 0;\">\n<div  style=\"max-width:2400px;max-height:1602px\">\n<div style=\"clear: both; display: block; margin: 10px 0;\">\n<div style=\"clear: both; width: 100%; display: block; margin: 20px 0; padding: 0; float: none; position: static; text-align: center;\"><img decoding=\"async\"  src=\"https:\/\/a.allegroimg.com\/original\/117cfb\/88d010004bcda5ff1fa322430252\/Trampolina-ogrodowa-dla-dzieci-312cm-FUNFIT-z-siatka-zewnetrzna-10ft-Wysokosc-od-podloza-70-cm\" srcset=\"https:\/\/a.allegroimg.com\/original\/117cfb\/88d010004bcda5ff1fa322430252\/Trampolina-ogrodowa-dla-dzieci-312cm-FUNFIT-z-siatka-zewnetrzna-10ft-Wysokosc-od-podloza-70-cm 360w,https:\/\/a.allegroimg.com\/original\/117cfb\/88d010004bcda5ff1fa322430252\/Trampolina-ogrodowa-dla-dzieci-312cm-FUNFIT-z-siatka-zewnetrzna-10ft-Wysokosc-od-podloza-70-cm 720w,https:\/\/a.allegroimg.com\/original\/117cfb\/88d010004bcda5ff1fa322430252\/Trampolina-ogrodowa-dla-dzieci-312cm-FUNFIT-z-siatka-zewnetrzna-10ft-Wysokosc-od-podloza-70-cm 1024w,https:\/\/a.allegroimg.com\/original\/117cfb\/88d010004bcda5ff1fa322430252\/Trampolina-ogrodowa-dla-dzieci-312cm-FUNFIT-z-siatka-zewnetrzna-10ft-Wysokosc-od-podloza-70-cm 1440w,https:\/\/a.allegroimg.com\/original\/117cfb\/88d010004bcda5ff1fa322430252\/Trampolina-ogrodowa-dla-dzieci-312cm-FUNFIT-z-siatka-zewnetrzna-10ft-Wysokosc-od-podloza-70-cm 2400w\" sizes=\"(min-width: 1200px) 560px, (min-width: 992px) 50vw, 100vw\" width=\"2400px\" alt=\"Trampolina ogrodowa dla dzieci 312cm FUNFIT z siatk\u0105 zewn\u0119trzn\u0105 10ft Wysoko\u015b\u0107 od pod\u0142o\u017ca 70 cm\" style=\"max-width: 100%; height: auto; display: block; margin: 0 auto;\"><\/div>\n<\/div>\n<\/div>\n<\/div>\n<\/div>\n<div style=\"clear: both; display: block; margin: 10px 0;\">\n<div style=\"clear: both; display: block; margin: 10px 0;\">\n<p style=\"margin: 15px 0; line-height: 1.8; clear: both; display: block; width: 100%; float: none; position: static;\">Trampolina to nie tylko&nbsp;<b>dobra zabawa<\/b>, to produkt, kt\u00f3ry podbije serca ca\u0142ej rodziny na wiele lat. Pod tym has\u0142em kryje si\u0119 nie tylko mo\u017cliwo\u015b\u0107 wykonywania skok\u00f3w o bardzo wysokim odbiciu, ale przede wszystkim&nbsp;<b>marka FUNFIT<\/b>,&nbsp;kt\u00f3ra&nbsp;<b>gwarantuje&nbsp;<\/b>najwy\u017csz\u0105<b>&nbsp;jako\u015b\u0107<\/b>&nbsp;<b>i wytrzyma\u0142o\u015b\u0107&nbsp;<\/b>konstrukcji oraz&nbsp;<b>zapewnia<\/b>&nbsp;wszelkie&nbsp;<b>standardy<\/b>&nbsp;bezpiecze\u0144stwa&nbsp;<b>potwierdzone&nbsp;certyfikatem<\/b>. Ma dobroczynny wp\u0142yw na kondycj\u0119 i postaw\u0119 cia\u0142a, nie zna ogranicze\u0144 wiekowych.<\/p>\n<\/div>\n<\/div>\n<\/div>\n<div style=\"clear: both; display: block; margin: 10px 0;\">\n<div style=\"clear: both; display: block; margin: 10px 0;\">\n<div style=\"clear: both; display: block; margin: 10px 0;\">\n<div  style=\"max-width:2400px;max-height:1602px\">\n<div style=\"clear: both; display: block; margin: 10px 0;\">\n<div style=\"clear: both; width: 100%; display: block; margin: 20px 0; padding: 0; float: none; position: static; text-align: center;\"><img decoding=\"async\"  src=\"https:\/\/a.allegroimg.com\/original\/11728d\/216f2d9d4b89809915bdcc078cd3\/Trampolina-ogrodowa-dla-dzieci-312cm-FUNFIT-z-siatka-zewnetrzna-10ft-Kod-producenta-846\" srcset=\"https:\/\/a.allegroimg.com\/original\/11728d\/216f2d9d4b89809915bdcc078cd3\/Trampolina-ogrodowa-dla-dzieci-312cm-FUNFIT-z-siatka-zewnetrzna-10ft-Kod-producenta-846 360w,https:\/\/a.allegroimg.com\/original\/11728d\/216f2d9d4b89809915bdcc078cd3\/Trampolina-ogrodowa-dla-dzieci-312cm-FUNFIT-z-siatka-zewnetrzna-10ft-Kod-producenta-846 720w,https:\/\/a.allegroimg.com\/original\/11728d\/216f2d9d4b89809915bdcc078cd3\/Trampolina-ogrodowa-dla-dzieci-312cm-FUNFIT-z-siatka-zewnetrzna-10ft-Kod-producenta-846 1024w,https:\/\/a.allegroimg.com\/original\/11728d\/216f2d9d4b89809915bdcc078cd3\/Trampolina-ogrodowa-dla-dzieci-312cm-FUNFIT-z-siatka-zewnetrzna-10ft-Kod-producenta-846 1440w,https:\/\/a.allegroimg.com\/original\/11728d\/216f2d9d4b89809915bdcc078cd3\/Trampolina-ogrodowa-dla-dzieci-312cm-FUNFIT-z-siatka-zewnetrzna-10ft-Kod-producenta-846 2400w\" sizes=\"(min-width: 1200px) 560px, (min-width: 992px) 50vw, 100vw\" width=\"2400px\" alt=\"Trampolina ogrodowa dla dzieci 312cm FUNFIT z siatk\u0105 zewn\u0119trzn\u0105 10ft Kod producenta 846\" style=\"max-width: 100%; height: auto; display: block; margin: 0 auto;\"><\/div>\n<\/div>\n<\/div>\n<\/div>\n<\/div>\n<div style=\"clear: both; display: block; margin: 10px 0;\">\n<div style=\"clear: both; display: block; margin: 10px 0;\">\n<h3 style=\"color: #2c5aa0; font-size: 18px; margin: 30px 0 15px 0; font-weight: bold; clear: both; display: block; width: 100%; float: none; position: static;\">Kupuj\u0105c trampolin\u0119 marki FUNFIT otrzymujesz:<\/h3>\n<ul style=\"margin: 15px 0; padding-left: 20px; clear: both; display: block; width: 100%; float: none; position: static;\">\n<li style=\"margin: 5px 0; padding: 2px 0; clear: both; display: list-item; float: none; position: static;\"><b>Mat\u0119 do skakania, wyprodukowan\u0105 w USA, najlepsz\u0105 dost\u0119pn\u0105 na rynku:<\/b>&nbsp;Wykonan\u0105 z solidnej plecionki ze specjalnych materia\u0142\u00f3w, odporn\u0105 na wilgo\u0107, promienie UV i co najwa\u017cniejsze, na rozci\u0105ganie. Dzi\u0119ki temu masz pewno\u015b\u0107, \u017ce zawsze b\u0119dzie odpowiednio napi\u0119ta, zachowuj\u0105c najwy\u017csze standardy.<\/li>\n<li style=\"margin: 5px 0; padding: 2px 0; clear: both; display: list-item; float: none; position: static;\"><b>Solidne spr\u0119\u017cyny:<\/b>&nbsp;Odpowiednio hartowane i galwanizowane. Odporne na obci\u0105\u017cenia i zapewniaj\u0105ce optymalne odbicie i komfort skakania.<\/li>\n<li style=\"margin: 5px 0; padding: 2px 0; clear: both; display: list-item; float: none; position: static;\"><b>Wielowarstwow\u0105 os\u0142on\u0119 na spr\u0119\u017cyny:<\/b>&nbsp;Spr\u0119\u017cyny os\u0142oni\u0119te s\u0105 bardzo wytrzyma\u0142ym materia\u0142em podszytym g\u0105bk\u0105, kt\u00f3ry zapewnia ochron\u0119 przed warunkami atmosferycznymi oraz chroni skacz\u0105ce osoby, zapewniaj\u0105c bezpiecze\u0144stwo.<\/li>\n<li style=\"margin: 5px 0; padding: 2px 0; clear: both; display: list-item; float: none; position: static;\"><b>Wysok\u0105 siatk\u0119 zabezpieczaj\u0105c\u0105 wykonan\u0105 z podw\u00f3jnym zabezpieczeniem zamkni\u0119cia:<\/b>&nbsp;Siatka jest bardzo wytrzyma\u0142a, zapewniaj\u0105ca bezpiecze\u0144stwo skacz\u0105cym osobom, chroni\u0105c ich przed wypadni\u0119ciem. Odporna na warunki atmosferyczne, odkszta\u0142cenia i \u015bcieranie.<\/li>\n<li style=\"margin: 5px 0; padding: 2px 0; clear: both; display: list-item; float: none; position: static;\"><b>Nogi zapewniaj\u0105ce wytrzyma\u0142o\u015b\u0107, stabilno\u015b\u0107 i pewno\u015b\u0107 ca\u0142ej konstrukcji:<\/b>&nbsp;Ocynkowane, podw\u00f3jne, szerokie nogi w systemie &#8222;U&#8221;.<\/li>\n<\/ul>\n<\/div>\n<\/div>\n<\/div>\n<div style=\"clear: both; display: block; margin: 10px 0;\">\n<div style=\"clear: both; display: block; margin: 10px 0;\">\n<div style=\"clear: both; display: block; margin: 10px 0;\">\n<div  style=\"max-width:2400px;max-height:1602px\">\n<div style=\"clear: both; display: block; margin: 10px 0;\">\n<div style=\"clear: both; width: 100%; display: block; margin: 20px 0; padding: 0; float: none; position: static; text-align: center;\"><img decoding=\"async\"  src=\"https:\/\/a.allegroimg.com\/original\/119c8e\/f96455bb41bc9ab3a0bd1d344261\/Trampolina-ogrodowa-dla-dzieci-312cm-FUNFIT-z-siatka-zewnetrzna-10ft-Liczba-sprezyn-lin-54\" srcset=\"https:\/\/a.allegroimg.com\/original\/119c8e\/f96455bb41bc9ab3a0bd1d344261\/Trampolina-ogrodowa-dla-dzieci-312cm-FUNFIT-z-siatka-zewnetrzna-10ft-Liczba-sprezyn-lin-54 360w,https:\/\/a.allegroimg.com\/original\/119c8e\/f96455bb41bc9ab3a0bd1d344261\/Trampolina-ogrodowa-dla-dzieci-312cm-FUNFIT-z-siatka-zewnetrzna-10ft-Liczba-sprezyn-lin-54 720w,https:\/\/a.allegroimg.com\/original\/119c8e\/f96455bb41bc9ab3a0bd1d344261\/Trampolina-ogrodowa-dla-dzieci-312cm-FUNFIT-z-siatka-zewnetrzna-10ft-Liczba-sprezyn-lin-54 1024w,https:\/\/a.allegroimg.com\/original\/119c8e\/f96455bb41bc9ab3a0bd1d344261\/Trampolina-ogrodowa-dla-dzieci-312cm-FUNFIT-z-siatka-zewnetrzna-10ft-Liczba-sprezyn-lin-54 1440w,https:\/\/a.allegroimg.com\/original\/119c8e\/f96455bb41bc9ab3a0bd1d344261\/Trampolina-ogrodowa-dla-dzieci-312cm-FUNFIT-z-siatka-zewnetrzna-10ft-Liczba-sprezyn-lin-54 2400w\" sizes=\"(min-width: 1200px) 560px, (min-width: 992px) 50vw, 100vw\" width=\"2400px\" alt=\"Trampolina ogrodowa dla dzieci 312cm FUNFIT z siatk\u0105 zewn\u0119trzn\u0105 10ft Liczba spr\u0119\u017cyn\/lin 54\" style=\"max-width: 100%; height: auto; display: block; margin: 0 auto;\"><\/div>\n<\/div>\n<\/div>\n<\/div>\n<\/div>\n<div style=\"clear: both; display: block; margin: 10px 0;\">\n<div style=\"clear: both; display: block; margin: 10px 0;\">\n<p style=\"margin: 15px 0; line-height: 1.8; clear: both; display: block; width: 100%; float: none; position: static;\">Trampoliny&nbsp;<b>FUNFIT<\/b>&nbsp;z siatk\u0105 zewn\u0119trzn\u0105 zapewniaj\u0105&nbsp;<b>wi\u0119cej miejsca do zabawy<\/b>, takie rozwi\u0105zanie gwarantuje r\u00f3wnie\u017c&nbsp;<b>wi\u0119ksze bezpiecze\u0144stwo<\/b>.<\/p>\n<ul style=\"margin: 15px 0; padding-left: 20px; clear: both; display: block; width: 100%; float: none; position: static;\">\n<li style=\"margin: 5px 0; padding: 2px 0; clear: both; display: list-item; float: none; position: static;\"><b>Siatka<\/b>&nbsp;mocowana jest po zewn\u0119trznej stronie maty, na s\u0142upkach, kt\u00f3re s\u0105&nbsp;<b>dodatkowo zabezpieczone<\/b>&nbsp;<b>grub\u0105 piank\u0105<\/b>.<\/li>\n<li style=\"margin: 5px 0; padding: 2px 0; clear: both; display: list-item; float: none; position: static;\"><b>Mata ochronna<\/b>&nbsp;na spr\u0119\u017cyny jest&nbsp;<b>bardzo szeroka<\/b>, zachodzi na mat\u0119 do skakania i szczelnie zakrywa spr\u0119\u017cyny.<\/li>\n<li style=\"margin: 5px 0; padding: 2px 0; clear: both; display: list-item; float: none; position: static;\">Nawet&nbsp;<b>podczas intensywnej zabawy<\/b>&nbsp;os\u0142ona&nbsp;<b>wzorowo chroni<\/b>&nbsp;u\u017cytkownik\u00f3w trampoliny.<\/li>\n<\/ul>\n<\/div>\n<\/div>\n<\/div>\n<div style=\"clear: both; display: block; margin: 10px 0;\">\n<div style=\"clear: both; display: block; margin: 10px 0;\">\n<div style=\"clear: both; display: block; margin: 10px 0;\">\n<div  style=\"max-width:2100px;max-height:1495px\">\n<div style=\"clear: both; display: block; margin: 10px 0;\">\n<div style=\"clear: both; width: 100%; display: block; margin: 20px 0; padding: 0; float: none; position: static; text-align: center;\"><img decoding=\"async\"  src=\"https:\/\/a.allegroimg.com\/original\/115014\/8d883eed41b2b5a98b88d55c8514\/Trampolina-ogrodowa-dla-dzieci-312cm-FUNFIT-z-siatka-zewnetrzna-10ft\" srcset=\"https:\/\/a.allegroimg.com\/original\/115014\/8d883eed41b2b5a98b88d55c8514\/Trampolina-ogrodowa-dla-dzieci-312cm-FUNFIT-z-siatka-zewnetrzna-10ft 360w,https:\/\/a.allegroimg.com\/original\/115014\/8d883eed41b2b5a98b88d55c8514\/Trampolina-ogrodowa-dla-dzieci-312cm-FUNFIT-z-siatka-zewnetrzna-10ft 720w,https:\/\/a.allegroimg.com\/original\/115014\/8d883eed41b2b5a98b88d55c8514\/Trampolina-ogrodowa-dla-dzieci-312cm-FUNFIT-z-siatka-zewnetrzna-10ft 1024w,https:\/\/a.allegroimg.com\/original\/115014\/8d883eed41b2b5a98b88d55c8514\/Trampolina-ogrodowa-dla-dzieci-312cm-FUNFIT-z-siatka-zewnetrzna-10ft 1440w,https:\/\/a.allegroimg.com\/original\/115014\/8d883eed41b2b5a98b88d55c8514\/Trampolina-ogrodowa-dla-dzieci-312cm-FUNFIT-z-siatka-zewnetrzna-10ft 2100w\" sizes=\"(min-width: 1200px) 560px, (min-width: 992px) 50vw, 100vw\" width=\"2100px\" alt=\"Trampolina ogrodowa dla dzieci 312cm FUNFIT z siatk\u0105 zewn\u0119trzn\u0105 10ft\" style=\"max-width: 100%; height: auto; display: block; margin: 0 auto;\"><\/div>\n<\/div>\n<\/div>\n<\/div>\n<\/div>\n<div style=\"clear: both; display: block; margin: 10px 0;\">\n<div style=\"clear: both; display: block; margin: 10px 0;\">\n<h3 style=\"color: #2c5aa0; font-size: 18px; margin: 30px 0 15px 0; font-weight: bold; clear: both; display: block; width: 100%; float: none; position: static;\">SPECYFIKACJA TECHNICZNA<\/h3>\n<ul style=\"margin: 15px 0; padding-left: 20px; clear: both; display: block; width: 100%; float: none; position: static;\">\n<li style=\"margin: 5px 0; padding: 2px 0; clear: both; display: list-item; float: none; position: static;\"><b>\u015arednica:<\/b>&nbsp;312 cm<\/li>\n<li style=\"margin: 5px 0; padding: 2px 0; clear: both; display: list-item; float: none; position: static;\"><b>Wysoko\u015b\u0107 ca\u0142kowita:<\/b>&nbsp;252 cm<\/li>\n<li style=\"margin: 5px 0; padding: 2px 0; clear: both; display: list-item; float: none; position: static;\"><b>Wysoko\u015b\u0107 od pod\u0142o\u017ca:<\/b>&nbsp;70 cm<\/li>\n<li style=\"margin: 5px 0; padding: 2px 0; clear: both; display: list-item; float: none; position: static;\"><b>Wysoko\u015b\u0107 siatki:<\/b>&nbsp;182 cm<\/li>\n<li style=\"margin: 5px 0; padding: 2px 0; clear: both; display: list-item; float: none; position: static;\"><b>Ilo\u015b\u0107 spr\u0119\u017cyn:<\/b>&nbsp;54 sztuki<\/li>\n<li style=\"margin: 5px 0; padding: 2px 0; clear: both; display: list-item; float: none; position: static;\"><b>Ilo\u015b\u0107 n\u00f3g:<\/b>&nbsp;3 podw\u00f3jne (6 punkt\u00f3w podparcia)<\/li>\n<li style=\"margin: 5px 0; padding: 2px 0; clear: both; display: list-item; float: none; position: static;\"><b>Ilo\u015b\u0107 s\u0142upk\u00f3w siatki:<\/b>&nbsp;6 s\u0142upk\u00f3w<\/li>\n<li style=\"margin: 5px 0; padding: 2px 0; clear: both; display: list-item; float: none; position: static;\"><b>Mata:<\/b>&nbsp;materia\u0142 PP, odporna na promieniowanie UV oraz wilgo\u0107<\/li>\n<li style=\"margin: 5px 0; padding: 2px 0; clear: both; display: list-item; float: none; position: static;\"><b>Os\u0142ona na spr\u0119\u017cyny:<\/b>&nbsp;TAK<\/li>\n<li style=\"margin: 5px 0; padding: 2px 0; clear: both; display: list-item; float: none; position: static;\"><b>Drabinka:<\/b>&nbsp;TAK<\/li>\n<li style=\"margin: 5px 0; padding: 2px 0; clear: both; display: list-item; float: none; position: static;\"><b>Maksymalne obci\u0105\u017cenie:<\/b>&nbsp;120 kg<\/li>\n<li style=\"margin: 5px 0; padding: 2px 0; clear: both; display: list-item; float: none; position: static;\"><b>Kszta\u0142t:<\/b>&nbsp;okr\u0105g\u0142y<\/li>\n<li style=\"margin: 5px 0; padding: 2px 0; clear: both; display: list-item; float: none; position: static;\"><b>Rodzaj:<\/b>&nbsp;trampolina z siatk\u0105<\/li>\n<li style=\"margin: 5px 0; padding: 2px 0; clear: both; display: list-item; float: none; position: static;\"><b>Wiek dziecka:<\/b>&nbsp;3 lata+<\/li>\n<li style=\"margin: 5px 0; padding: 2px 0; clear: both; display: list-item; float: none; position: static;\"><b>Ilo\u015b\u0107 paczek:<\/b>&nbsp;2 szt.<\/li>\n<\/ul>\n<\/div>\n<\/div>\n<\/div>\n<div style=\"clear: both; display: block; margin: 10px 0;\">\n<div style=\"clear: both; display: block; margin: 10px 0;\">\n<div style=\"clear: both; display: block; margin: 10px 0;\">\n<div  style=\"max-width:800px;max-height:800px\">\n<div style=\"clear: both; display: block; margin: 10px 0;\">\n<div style=\"clear: both; width: 100%; display: block; margin: 20px 0; padding: 0; float: none; position: static; text-align: center;\"><img decoding=\"async\"  src=\"https:\/\/a.allegroimg.com\/original\/1154d1\/279ca2104b1d8bfabde3905f1cb1\/Trampolina-ogrodowa-dla-dzieci-312cm-FUNFIT-z-siatka-zewnetrzna-10ft-Maks-obciazenie-120-kg\" srcset=\"https:\/\/a.allegroimg.com\/original\/1154d1\/279ca2104b1d8bfabde3905f1cb1\/Trampolina-ogrodowa-dla-dzieci-312cm-FUNFIT-z-siatka-zewnetrzna-10ft-Maks-obciazenie-120-kg 360w,https:\/\/a.allegroimg.com\/original\/1154d1\/279ca2104b1d8bfabde3905f1cb1\/Trampolina-ogrodowa-dla-dzieci-312cm-FUNFIT-z-siatka-zewnetrzna-10ft-Maks-obciazenie-120-kg 720w,https:\/\/a.allegroimg.com\/original\/1154d1\/279ca2104b1d8bfabde3905f1cb1\/Trampolina-ogrodowa-dla-dzieci-312cm-FUNFIT-z-siatka-zewnetrzna-10ft-Maks-obciazenie-120-kg 800w,https:\/\/a.allegroimg.com\/original\/1154d1\/279ca2104b1d8bfabde3905f1cb1\/Trampolina-ogrodowa-dla-dzieci-312cm-FUNFIT-z-siatka-zewnetrzna-10ft-Maks-obciazenie-120-kg 800w\" sizes=\"100vw\" width=\"800px\" alt=\"Trampolina ogrodowa dla dzieci 312cm FUNFIT z siatk\u0105 zewn\u0119trzn\u0105 10ft Maks. obci\u0105\u017cenie 120 kg\" style=\"max-width: 100%; height: auto; display: block; margin: 0 auto;\"><\/div>\n<\/div>\n<\/div>\n<\/div>\n<\/div>\n<\/div>\n<\/div>\n<\/div>\n<\/div>\n<div style=\"clear: both; display: block; margin: 10px 0;\">\n","protected":false},"excerpt":{"rendered":"<p>Trampolina ogrodowa dla dzieci 312cm FUNFIT z siatk\u0105 zewn\u0119trzn\u0105 10ft<\/p>\n","protected":false},"featured_media":15954,"template":"","meta":{"_uag_custom_page_level_css":""},"product_brand":[956],"product_cat":[541,864,863,862],"product_tag":[],"class_list":{"0":"post-15953","1":"product","2":"type-product","3":"status-publish","4":"has-post-thumbnail","6":"product_brand-funfit","7":"product_cat-ogrod","8":"product_cat-trampoliny","9":"product_cat-trampoliny-i-akcesoria","10":"product_cat-zabawki-ogrodowe","12":"first","13":"instock","14":"sale","15":"shipping-taxable","16":"purchasable","17":"product-type-simple"},"uagb_featured_image_src":{"full":["https:\/\/plantrix.shop\/grill\/wp-content\/uploads\/2026\/04\/allegro-image-15953.jpg",2100,1495,false],"thumbnail":["https:\/\/plantrix.shop\/grill\/wp-content\/uploads\/2026\/04\/allegro-image-15953-150x150.jpg",150,150,true],"medium":["https:\/\/plantrix.shop\/grill\/wp-content\/uploads\/2026\/04\/allegro-image-15953-300x214.jpg",300,214,true],"medium_large":["https:\/\/plantrix.shop\/grill\/wp-content\/uploads\/2026\/04\/allegro-image-15953-768x547.jpg",768,547,true],"large":["https:\/\/plantrix.shop\/grill\/wp-content\/uploads\/2026\/04\/allegro-image-15953-1024x729.jpg",1024,729,true],"1536x1536":["https:\/\/plantrix.shop\/grill\/wp-content\/uploads\/2026\/04\/allegro-image-15953-1536x1093.jpg",1536,1093,true],"2048x2048":["https:\/\/plantrix.shop\/grill\/wp-content\/uploads\/2026\/04\/allegro-image-15953-2048x1458.jpg",2048,1458,true],"woocommerce_thumbnail":["https:\/\/plantrix.shop\/grill\/wp-content\/uploads\/2026\/04\/allegro-image-15953-300x300.jpg",300,300,true],"woocommerce_single":["https:\/\/plantrix.shop\/grill\/wp-content\/uploads\/2026\/04\/allegro-image-15953-600x427.jpg",600,427,true],"woocommerce_gallery_thumbnail":["https:\/\/plantrix.shop\/grill\/wp-content\/uploads\/2026\/04\/allegro-image-15953-100x100.jpg",100,100,true]},"uagb_author_info":{"display_name":"admin","author_link":"https:\/\/plantrix.shop\/grill\/author\/"},"uagb_comment_info":0,"uagb_excerpt":"Trampolina ogrodowa dla dzieci 312cm FUNFIT z siatk\u0105 zewn\u0119trzn\u0105 10ft","_links":{"self":[{"href":"https:\/\/plantrix.shop\/grill\/wp-json\/wp\/v2\/product\/15953","targetHints":{"allow":["GET"]}}],"collection":[{"href":"https:\/\/plantrix.shop\/grill\/wp-json\/wp\/v2\/product"}],"about":[{"href":"https:\/\/plantrix.shop\/grill\/wp-json\/wp\/v2\/types\/product"}],"wp:featuredmedia":[{"embeddable":true,"href":"https:\/\/plantrix.shop\/grill\/wp-json\/wp\/v2\/media\/15954"}],"wp:attachment":[{"href":"https:\/\/plantrix.shop\/grill\/wp-json\/wp\/v2\/media?parent=15953"}],"wp:term":[{"taxonomy":"product_brand","embeddable":true,"href":"https:\/\/plantrix.shop\/grill\/wp-json\/wp\/v2\/product_brand?post=15953"},{"taxonomy":"product_cat","embeddable":true,"href":"https:\/\/plantrix.shop\/grill\/wp-json\/wp\/v2\/product_cat?post=15953"},{"taxonomy":"product_tag","embeddable":true,"href":"https:\/\/plantrix.shop\/grill\/wp-json\/wp\/v2\/product_tag?post=15953"}],"curies":[{"name":"wp","href":"https:\/\/api.w.org\/{rel}","templated":true}]}}